{"id":9211,"date":"2022-09-15T00:15:40","date_gmt":"2022-09-15T00:15:40","guid":{"rendered":"https:\/\/sevel.com.tr\/en\/?page_id=9211"},"modified":"2024-04-16T08:25:33","modified_gmt":"2024-04-16T08:25:33","slug":"milenyum","status":"publish","type":"page","link":"https:\/\/sevel.com.tr\/en\/milenyum\/","title":{"rendered":"Milenyum"},"content":{"rendered":"\t\t<div data-elementor-type=\"wp-page\" data-elementor-id=\"9211\" class=\"elementor elementor-9211\">\n\t\t\t\t\t\t<section class=\"elementor-section elementor-top-section elementor-element elementor-element-f1722dd elementor-section-full_width elementor-section-height-default elementor-section-height-default\" data-id=\"f1722dd\" data-element_type=\"section\" data-e-type=\"section\" id=\"ust\">\n\t\t\t\t\t\t<div class=\"elementor-container elementor-column-gap-no\">\n\t\t\t\t\t<div class=\"elementor-column elementor-col-100 elementor-top-column elementor-element elementor-element-b64ba11\" data-id=\"b64ba11\" data-element_type=\"column\" data-e-type=\"column\">\n\t\t\t<div class=\"elementor-widget-wrap elementor-element-populated\">\n\t\t\t\t\t\t<div class=\"elementor-element elementor-element-fcec371 elementor-hidden-mobile elementor-widget elementor-widget-image\" data-id=\"fcec371\" data-element_type=\"widget\" data-e-type=\"widget\" data-widget_type=\"image.default\">\n\t\t\t\t<div class=\"elementor-widget-container\">\n\t\t\t\t\t\t\t\t\t\t\t\t\t\t\t<img fetchpriority=\"high\" decoding=\"async\" width=\"1920\" height=\"700\" src=\"https:\/\/sevel.com.tr\/en\/wp-content\/uploads\/2022\/09\/Slider-6.png\" class=\"attachment-full size-full wp-image-9213\" alt=\"\" srcset=\"https:\/\/sevel.com.tr\/en\/wp-content\/uploads\/2022\/09\/Slider-6.png 1920w, https:\/\/sevel.com.tr\/en\/wp-content\/uploads\/2022\/09\/Slider-6-300x109.png 300w, https:\/\/sevel.com.tr\/en\/wp-content\/uploads\/2022\/09\/Slider-6-1024x373.png 1024w, https:\/\/sevel.com.tr\/en\/wp-content\/uploads\/2022\/09\/Slider-6-1536x560.png 1536w\" sizes=\"(max-width: 1920px) 100vw, 1920px\" \/>\t\t\t\t\t\t\t\t\t\t\t\t\t\t\t<\/div>\n\t\t\t\t<\/div>\n\t\t\t\t\t<\/div>\n\t\t<\/div>\n\t\t\t\t\t<\/div>\n\t\t<\/section>\n\t\t\t\t<section class=\"elementor-section elementor-top-section elementor-element elementor-element-385fc55 elementor-section-content-middle elementor-section-boxed elementor-section-height-default elementor-section-height-default\" data-id=\"385fc55\" data-element_type=\"section\" data-e-type=\"section\">\n\t\t\t\t\t\t<div class=\"elementor-container elementor-column-gap-extended\">\n\t\t\t\t\t<div class=\"elementor-column elementor-col-100 elementor-top-column elementor-element elementor-element-55db13c\" data-id=\"55db13c\" data-element_type=\"column\" data-e-type=\"column\">\n\t\t\t<div class=\"elementor-widget-wrap elementor-element-populated\">\n\t\t\t\t\t\t<div class=\"elementor-element elementor-element-955d2d1 elementor-widget elementor-widget-heading\" data-id=\"955d2d1\" data-element_type=\"widget\" data-e-type=\"widget\" data-widget_type=\"heading.default\">\n\t\t\t\t<div class=\"elementor-widget-container\">\n\t\t\t\t\t<h2 class=\"elementor-heading-title elementor-size-default\">MILENYUM<\/h2>\t\t\t\t<\/div>\n\t\t\t\t<\/div>\n\t\t\t\t<div class=\"elementor-element elementor-element-56908f8 elementor-widget elementor-widget-text-editor\" data-id=\"56908f8\" data-element_type=\"widget\" data-e-type=\"widget\" data-widget_type=\"text-editor.default\">\n\t\t\t\t<div class=\"elementor-widget-container\">\n\t\t\t\t\t\t\t\t\t<p>Alternative sizes (12, 16, 18, 20 and 24 tubs), Cake, chocolate and waffle alternatives and heated tempered glasses.<\/p>\t\t\t\t\t\t\t\t<\/div>\n\t\t\t\t<\/div>\n\t\t\t\t<div class=\"elementor-element elementor-element-681fa2a elementor-align-center elementor-widget elementor-widget-ld_button\" data-id=\"681fa2a\" data-element_type=\"widget\" data-e-type=\"widget\" data-widget_type=\"ld_button.default\">\n\t\t\t\t<div class=\"elementor-widget-container\">\n\t\t\t\t\t\n\t\t\t<a\n\t\t\t\thref=\"https:\/\/sevel.com.tr\/en\/teklif-al\/\"class=\"elementor-button btn btn-solid btn-icon-shaped btn-has-label\"\t\t\t>\n\t\t\t\t\t\t\t\t\t<span data-text=\"GET Offer\" class=\"btn-txt\">\n\t\t\t\t\t\tGET Offer\t\t\t\t\t<\/span>\n\t\t\t\t\t\t\t\t\t\t\t<\/a>\n\t\t\t\t\t\t\t<\/div>\n\t\t\t\t<\/div>\n\t\t\t\t\t<\/div>\n\t\t<\/div>\n\t\t\t\t\t<\/div>\n\t\t<\/section>\n\t\t\t\t<section class=\"elementor-section elementor-top-section elementor-element elementor-element-3940f81 elementor-section-boxed elementor-section-height-default elementor-section-height-default\" data-id=\"3940f81\" data-element_type=\"section\" data-e-type=\"section\" id=\"troy\">\n\t\t\t\t\t\t<div class=\"elementor-container elementor-column-gap-default\">\n\t\t\t\t\t<div class=\"elementor-column elementor-col-100 elementor-top-column elementor-element elementor-element-511bc79\" data-id=\"511bc79\" data-element_type=\"column\" data-e-type=\"column\">\n\t\t\t<div class=\"elementor-widget-wrap elementor-element-populated\">\n\t\t\t\t\t\t<div class=\"elementor-element elementor-element-d169237 elementor-widget-divider--view-line elementor-widget elementor-widget-divider\" data-id=\"d169237\" data-element_type=\"widget\" data-e-type=\"widget\" data-widget_type=\"divider.default\">\n\t\t\t\t<div class=\"elementor-widget-container\">\n\t\t\t\t\t\t\t<div class=\"elementor-divider\">\n\t\t\t<span class=\"elementor-divider-separator\">\n\t\t\t\t\t\t<\/span>\n\t\t<\/div>\n\t\t\t\t\t\t<\/div>\n\t\t\t\t<\/div>\n\t\t\t\t\t<\/div>\n\t\t<\/div>\n\t\t\t\t\t<\/div>\n\t\t<\/section>\n\t\t\t\t<section class=\"elementor-section elementor-top-section elementor-element elementor-element-e205fe3 elementor-section-boxed elementor-section-height-default elementor-section-height-default\" data-id=\"e205fe3\" data-element_type=\"section\" data-e-type=\"section\">\n\t\t\t\t\t\t<div class=\"elementor-container elementor-column-gap-default\">\n\t\t\t\t\t<div class=\"elementor-column elementor-col-100 elementor-top-column elementor-element elementor-element-00321d2\" data-id=\"00321d2\" data-element_type=\"column\" data-e-type=\"column\">\n\t\t\t<div class=\"elementor-widget-wrap elementor-element-populated\">\n\t\t\t\t\t\t<div class=\"elementor-element elementor-element-05546bc elementor-widget elementor-widget-image\" data-id=\"05546bc\" data-element_type=\"widget\" data-e-type=\"widget\" data-widget_type=\"image.default\">\n\t\t\t\t<div class=\"elementor-widget-container\">\n\t\t\t\t\t\t\t\t\t\t\t\t\t\t\t<img decoding=\"async\" width=\"780\" height=\"439\" src=\"data:image\/svg+xml,%3Csvg xmlns=&#039;http:\/\/www.w3.org\/2000\/svg&#039; viewBox=&#039;0 0 1024 576&#039;%3E%3C\/svg%3E\" class=\"attachment-large size-large wp-image-9214 ld-lazyload\" alt=\"\" data-src=\"https:\/\/sevel.com.tr\/en\/wp-content\/uploads\/2022\/09\/Milenyum-1024x576.png\" data-srcset=\"https:\/\/sevel.com.tr\/en\/wp-content\/uploads\/2022\/09\/Milenyum-1024x576.png 1024w, https:\/\/sevel.com.tr\/en\/wp-content\/uploads\/2022\/09\/Milenyum-300x169.png 300w, https:\/\/sevel.com.tr\/en\/wp-content\/uploads\/2022\/09\/Milenyum-1536x864.png 1536w, https:\/\/sevel.com.tr\/en\/wp-content\/uploads\/2022\/09\/Milenyum.png 1920w\" data-sizes=\"(max-width: 780px) 100vw, 780px\" data-aspect=\"1.7777777777778\" \/>\t\t\t\t\t\t\t\t\t\t\t\t\t\t\t<\/div>\n\t\t\t\t<\/div>\n\t\t\t\t\t<\/div>\n\t\t<\/div>\n\t\t\t\t\t<\/div>\n\t\t<\/section>\n\t\t\t\t<section class=\"elementor-section elementor-top-section elementor-element elementor-element-2788771 elementor-section-boxed elementor-section-height-default elementor-section-height-default\" data-id=\"2788771\" data-element_type=\"section\" data-e-type=\"section\">\n\t\t\t\t\t\t<div class=\"elementor-container elementor-column-gap-default\">\n\t\t\t\t\t<div class=\"elementor-column elementor-col-50 elementor-top-column elementor-element elementor-element-64b11ba\" data-id=\"64b11ba\" data-element_type=\"column\" data-e-type=\"column\">\n\t\t\t<div class=\"elementor-widget-wrap elementor-element-populated\">\n\t\t\t\t\t\t<div class=\"elementor-element elementor-element-b25b6c4 elementor-widget elementor-widget-text-editor\" data-id=\"b25b6c4\" data-element_type=\"widget\" data-e-type=\"widget\" data-widget_type=\"text-editor.default\">\n\t\t\t\t<div class=\"elementor-widget-container\">\n\t\t\t\t\t\t\t\t\t<p><span style=\"font-size: 18px;\"><strong>COOLING<\/strong><\/span><\/p><p>There are 2 compressors inside the polyurethane monolithic casing that provides full insulation, in case of a compressor failure, it is ensured that it does not compromise its cooling until the service arrives.<\/p><p><strong><span style=\"font-size: 18px;\">DURABILITY<\/span><\/strong><\/p><p>Sevel aisles, which are produced from the most durable materials with high quality workmanship, do not decrease the cooling performance in long-lasting use.<\/p>\t\t\t\t\t\t\t\t<\/div>\n\t\t\t\t<\/div>\n\t\t\t\t<div class=\"elementor-element elementor-element-b6f3669 elementor-widget elementor-widget-spacer\" data-id=\"b6f3669\" data-element_type=\"widget\" data-e-type=\"widget\" data-widget_type=\"spacer.default\">\n\t\t\t\t<div class=\"elementor-widget-container\">\n\t\t\t\t\t\t\t<div class=\"elementor-spacer\">\n\t\t\t<div class=\"elementor-spacer-inner\"><\/div>\n\t\t<\/div>\n\t\t\t\t\t\t<\/div>\n\t\t\t\t<\/div>\n\t\t\t\t<div class=\"elementor-element elementor-element-2f590ed elementor-arrows-position-inside elementor-widget elementor-widget-image-carousel\" data-id=\"2f590ed\" data-element_type=\"widget\" data-e-type=\"widget\" data-settings=\"{&quot;slides_to_show&quot;:&quot;1&quot;,&quot;navigation&quot;:&quot;arrows&quot;,&quot;autoplay&quot;:&quot;yes&quot;,&quot;pause_on_hover&quot;:&quot;yes&quot;,&quot;pause_on_interaction&quot;:&quot;yes&quot;,&quot;autoplay_speed&quot;:5000,&quot;infinite&quot;:&quot;yes&quot;,&quot;effect&quot;:&quot;slide&quot;,&quot;speed&quot;:500}\" data-widget_type=\"image-carousel.default\">\n\t\t\t\t<div class=\"elementor-widget-container\">\n\t\t\t\t\t\t\t<div class=\"elementor-image-carousel-wrapper swiper\" role=\"region\" aria-roledescription=\"carousel\" aria-label=\"Resim D\u00f6ng\u00fcs\u00fc\" dir=\"ltr\">\n\t\t\t<div class=\"elementor-image-carousel swiper-wrapper swiper-image-stretch\" aria-live=\"off\">\n\t\t\t\t\t\t\t\t<div class=\"swiper-slide\" role=\"group\" aria-roledescription=\"slide\" aria-label=\"1 \/ 1\"><figure class=\"swiper-slide-inner\"><img decoding=\"async\" class=\"swiper-slide-image lazyload\" data-src=\"https:\/\/sevel.com.tr\/en\/wp-content\/uploads\/2022\/09\/milenyum_galeri2_n-221-540x476.jpeg\" alt=\"milenyum_galeri2_n-221\" src=\"data:image\/svg+xml;base64,PHN2ZyB3aWR0aD0iMSIgaGVpZ2h0PSIxIiB4bWxucz0iaHR0cDovL3d3dy53My5vcmcvMjAwMC9zdmciPjwvc3ZnPg==\" style=\"--smush-placeholder-width: 540px; --smush-placeholder-aspect-ratio: 540\/476;\" \/><\/figure><\/div>\t\t\t<\/div>\n\t\t\t\t\t<\/div>\n\t\t\t\t\t\t<\/div>\n\t\t\t\t<\/div>\n\t\t\t\t\t<\/div>\n\t\t<\/div>\n\t\t\t\t<div class=\"elementor-column elementor-col-50 elementor-top-column elementor-element elementor-element-c2f120b\" data-id=\"c2f120b\" data-element_type=\"column\" data-e-type=\"column\">\n\t\t\t<div class=\"elementor-widget-wrap elementor-element-populated\">\n\t\t\t\t\t\t<div class=\"elementor-element elementor-element-e755401 elementor-widget elementor-widget-accordion\" data-id=\"e755401\" data-element_type=\"widget\" data-e-type=\"widget\" data-widget_type=\"accordion.default\">\n\t\t\t\t<div class=\"elementor-widget-container\">\n\t\t\t\t\t\t\t<div class=\"elementor-accordion\">\n\t\t\t\t\t\t\t<div class=\"elementor-accordion-item\">\n\t\t\t\t\t<div id=\"elementor-tab-title-2421\" class=\"elementor-tab-title\" data-tab=\"1\" role=\"button\" aria-controls=\"elementor-tab-content-2421\" aria-expanded=\"false\">\n\t\t\t\t\t\t\t\t\t\t\t\t\t<span class=\"elementor-accordion-icon elementor-accordion-icon-left\" aria-hidden=\"true\">\n\t\t\t\t\t\t\t\t\t\t\t\t\t\t\t<span class=\"elementor-accordion-icon-closed\"><i class=\"fas fa-angle-double-down\"><\/i><\/span>\n\t\t\t\t\t\t\t\t<span class=\"elementor-accordion-icon-opened\"><i class=\"fas fa-minus\"><\/i><\/span>\n\t\t\t\t\t\t\t\t\t\t\t\t\t\t<\/span>\n\t\t\t\t\t\t\t\t\t\t\t\t<a class=\"elementor-accordion-title\" tabindex=\"0\">Technicial Specifications<\/a>\n\t\t\t\t\t<\/div>\n\t\t\t\t\t<div id=\"elementor-tab-content-2421\" class=\"elementor-tab-content elementor-clearfix\" data-tab=\"1\" role=\"region\" aria-labelledby=\"elementor-tab-title-2421\"><p style=\"text-align: left;\"><strong>Cooling Capacity<\/strong><\/p><p style=\"text-align: left;\">-18 \/ -22 C | 0 \/ -7.6 F<\/p><p style=\"text-align: left;\"><strong>Tub Capacity<\/strong><\/p><p style=\"text-align: left;\">12&#215;5 lt &#8211; 8&#215;7 lt <strong>16&#215;5 lt &#8211; 10&#215;7 lt<\/strong> 18&#215;5 lt &#8211; 12&#215;7 lt <strong>24&#215;5 lt &#8211; 16&#215;7 lt<\/strong><\/p><p style=\"text-align: left;\"><strong>Detail;<\/strong><br \/>Logo Work can be done on the front panel.<br \/>Cooling Capacity; Tested under 60% humidity conditions at +35\u00b0C.<\/p><\/div>\n\t\t\t\t<\/div>\n\t\t\t\t\t\t\t\t<\/div>\n\t\t\t\t\t\t<\/div>\n\t\t\t\t<\/div>\n\t\t\t\t<div class=\"elementor-element elementor-element-2a9ae45 elementor-widget elementor-widget-spacer\" data-id=\"2a9ae45\" data-element_type=\"widget\" data-e-type=\"widget\" data-widget_type=\"spacer.default\">\n\t\t\t\t<div class=\"elementor-widget-container\">\n\t\t\t\t\t\t\t<div class=\"elementor-spacer\">\n\t\t\t<div class=\"elementor-spacer-inner\"><\/div>\n\t\t<\/div>\n\t\t\t\t\t\t<\/div>\n\t\t\t\t<\/div>\n\t\t\t\t<div class=\"elementor-element elementor-element-a86534e elementor-widget elementor-widget-heading\" data-id=\"a86534e\" data-element_type=\"widget\" data-e-type=\"widget\" data-widget_type=\"heading.default\">\n\t\t\t\t<div class=\"elementor-widget-container\">\n\t\t\t\t\t<h2 class=\"elementor-heading-title elementor-size-default\">Tub Quantities<\/h2>\t\t\t\t<\/div>\n\t\t\t\t<\/div>\n\t\t\t\t<div class=\"elementor-element elementor-element-42e7449 elementor-widget elementor-widget-spacer\" data-id=\"42e7449\" data-element_type=\"widget\" data-e-type=\"widget\" data-widget_type=\"spacer.default\">\n\t\t\t\t<div class=\"elementor-widget-container\">\n\t\t\t\t\t\t\t<div class=\"elementor-spacer\">\n\t\t\t<div class=\"elementor-spacer-inner\"><\/div>\n\t\t<\/div>\n\t\t\t\t\t\t<\/div>\n\t\t\t\t<\/div>\n\t\t\t\t<div class=\"elementor-element elementor-element-c15d918 elementor-widget elementor-widget-ld_tabs\" data-id=\"c15d918\" data-element_type=\"widget\" data-e-type=\"widget\" data-widget_type=\"ld_tabs.default\">\n\t\t\t\t<div class=\"elementor-widget-container\">\n\t\t\t\t\t\t\t<div class=\"lqd-tabs lqd-tabs-style-13 d-flex lqd-tabs-nav-items-not-expanded  c15d918 lqd-nav-underline-\" data-tabs-options=\"{&quot;trigger&quot;:&quot;click&quot;}\">\n\n\t\t\t<nav class=\"lqd-tabs-nav-wrap\">\n\t\t\t\t<ul class=\"reset-ul lqd-tabs-nav d-flex flex-column pos-rel\" role=\"tablist\"><li data-controls=\"lqd-tab-2021\" role=\"presentation\" class=\"elementor-repeater-item-5b8c493 active\"><a class=\"d-block mb-2\" href=\"#lqd-tab-2021\" data-bs-target=\"#lqd-tab-2021\" aria-expanded=\"false\" aria-controls=\"lqd-tab-2021\" role=\"tab\" data-toggle=\"tab\" data-bs-toggle=\"tab\"><span class=\"lqd-tabs-nav-txt\">12G<\/span><\/a><\/li><li data-controls=\"lqd-tab-2022\" role=\"presentation\" class=\"elementor-repeater-item-2e4e8ed\"><a class=\"d-block mb-2\" href=\"#lqd-tab-2022\" data-bs-target=\"#lqd-tab-2022\" aria-expanded=\"false\" aria-controls=\"lqd-tab-2022\" role=\"tab\" data-toggle=\"tab\" data-bs-toggle=\"tab\"><span class=\"lqd-tabs-nav-txt\">16G<\/span><\/a><\/li><li data-controls=\"lqd-tab-2023\" role=\"presentation\" class=\"elementor-repeater-item-5618093\"><a class=\"d-block mb-2\" href=\"#lqd-tab-2023\" data-bs-target=\"#lqd-tab-2023\" aria-expanded=\"false\" aria-controls=\"lqd-tab-2023\" role=\"tab\" data-toggle=\"tab\" data-bs-toggle=\"tab\"><span class=\"lqd-tabs-nav-txt\">18G<\/span><\/a><\/li><li data-controls=\"lqd-tab-2024\" role=\"presentation\" class=\"elementor-repeater-item-104600d\"><a class=\"d-block mb-2\" href=\"#lqd-tab-2024\" data-bs-target=\"#lqd-tab-2024\" aria-expanded=\"false\" aria-controls=\"lqd-tab-2024\" role=\"tab\" data-toggle=\"tab\" data-bs-toggle=\"tab\"><span class=\"lqd-tabs-nav-txt\">24G<\/span><\/a><\/li><\/ul>\t\t\t\t\t\t\t<\/nav>\n\n\t\t\t<div class=\"lqd-tabs-content ps-6 pos-rel\"><div id=\"lqd-tab-2021\" role=\"tabpanel\" class=\"lqd-tabs-pane fade active in\"><p><img decoding=\"async\" class=\"alignnone wp-image-12097 size-full lazyload\" data-src=\"https:\/\/sevel.com.tr\/en\/wp-content\/uploads\/2024\/04\/12.png\" alt=\"\" width=\"695\" height=\"500\" data-srcset=\"https:\/\/sevel.com.tr\/en\/wp-content\/uploads\/2024\/04\/12.png 695w, https:\/\/sevel.com.tr\/en\/wp-content\/uploads\/2024\/04\/12-300x216.png 300w\" data-sizes=\"(max-width: 695px) 100vw, 695px\" src=\"data:image\/svg+xml;base64,PHN2ZyB3aWR0aD0iMSIgaGVpZ2h0PSIxIiB4bWxucz0iaHR0cDovL3d3dy53My5vcmcvMjAwMC9zdmciPjwvc3ZnPg==\" style=\"--smush-placeholder-width: 695px; --smush-placeholder-aspect-ratio: 695\/500;\" \/><\/p> <\/div><div id=\"lqd-tab-2022\" role=\"tabpanel\" class=\"lqd-tabs-pane fade\"><p><img decoding=\"async\" class=\"alignnone wp-image-11237 size-full lazyload\" data-src=\"https:\/\/sevel.com.tr\/en\/wp-content\/uploads\/2022\/12\/16.png\" alt=\"\" width=\"695\" height=\"500\" data-srcset=\"https:\/\/sevel.com.tr\/en\/wp-content\/uploads\/2022\/12\/16.png 695w, https:\/\/sevel.com.tr\/en\/wp-content\/uploads\/2022\/12\/16-300x216.png 300w\" data-sizes=\"(max-width: 695px) 100vw, 695px\" src=\"data:image\/svg+xml;base64,PHN2ZyB3aWR0aD0iMSIgaGVpZ2h0PSIxIiB4bWxucz0iaHR0cDovL3d3dy53My5vcmcvMjAwMC9zdmciPjwvc3ZnPg==\" style=\"--smush-placeholder-width: 695px; --smush-placeholder-aspect-ratio: 695\/500;\" \/><\/p> <\/div><div id=\"lqd-tab-2023\" role=\"tabpanel\" class=\"lqd-tabs-pane fade\"><p><img decoding=\"async\" class=\"alignnone wp-image-11238 size-full lazyload\" data-src=\"https:\/\/sevel.com.tr\/en\/wp-content\/uploads\/2022\/12\/18.png\" alt=\"\" width=\"695\" height=\"500\" data-srcset=\"https:\/\/sevel.com.tr\/en\/wp-content\/uploads\/2022\/12\/18.png 695w, https:\/\/sevel.com.tr\/en\/wp-content\/uploads\/2022\/12\/18-300x216.png 300w\" data-sizes=\"(max-width: 695px) 100vw, 695px\" src=\"data:image\/svg+xml;base64,PHN2ZyB3aWR0aD0iMSIgaGVpZ2h0PSIxIiB4bWxucz0iaHR0cDovL3d3dy53My5vcmcvMjAwMC9zdmciPjwvc3ZnPg==\" style=\"--smush-placeholder-width: 695px; --smush-placeholder-aspect-ratio: 695\/500;\" \/><\/p> <\/div><div id=\"lqd-tab-2024\" role=\"tabpanel\" class=\"lqd-tabs-pane fade\"><p><img decoding=\"async\" class=\"alignnone wp-image-11239 size-full lazyload\" data-src=\"https:\/\/sevel.com.tr\/en\/wp-content\/uploads\/2022\/12\/24.png\" alt=\"\" width=\"826\" height=\"500\" data-srcset=\"https:\/\/sevel.com.tr\/en\/wp-content\/uploads\/2022\/12\/24.png 826w, https:\/\/sevel.com.tr\/en\/wp-content\/uploads\/2022\/12\/24-300x182.png 300w\" data-sizes=\"(max-width: 826px) 100vw, 826px\" src=\"data:image\/svg+xml;base64,PHN2ZyB3aWR0aD0iMSIgaGVpZ2h0PSIxIiB4bWxucz0iaHR0cDovL3d3dy53My5vcmcvMjAwMC9zdmciPjwvc3ZnPg==\" style=\"--smush-placeholder-width: 826px; --smush-placeholder-aspect-ratio: 826\/500;\" \/><\/p> <\/div><\/div>\n\t\t<\/div>\n\t\t\t\t\t<\/div>\n\t\t\t\t<\/div>\n\t\t\t\t\t<\/div>\n\t\t<\/div>\n\t\t\t\t\t<\/div>\n\t\t<\/section>\n\t\t\t\t<section class=\"elementor-section elementor-top-section elementor-element elementor-element-de17fc5 elementor-section-boxed elementor-section-height-default elementor-section-height-default\" data-id=\"de17fc5\" data-element_type=\"section\" data-e-type=\"section\">\n\t\t\t\t\t\t<div class=\"elementor-container elementor-column-gap-default\">\n\t\t\t\t\t<div class=\"elementor-column elementor-col-50 elementor-top-column elementor-element elementor-element-5c190d6\" data-id=\"5c190d6\" data-element_type=\"column\" data-e-type=\"column\">\n\t\t\t<div class=\"elementor-widget-wrap elementor-element-populated\">\n\t\t\t\t\t\t<div class=\"elementor-element elementor-element-a332484 elementor-widget elementor-widget-hub_fancy_heading\" data-id=\"a332484\" data-element_type=\"widget\" data-e-type=\"widget\" data-widget_type=\"hub_fancy_heading.default\">\n\t\t\t\t<div class=\"elementor-widget-container\">\n\t\t\t\t\t\n\t\t<div id=\"ld-fancy-heading-69d9de2fcf057\" class=\"ld-fancy-heading pos-rel\">\n\t\t\t<h2 class=\"ld-fh-element d-inline-block pos-rel  elementor-heading-title h2\"  > Technical specifications<\/h2>\t\t<\/div>\n\n\t\t\t\t\t\t<\/div>\n\t\t\t\t<\/div>\n\t\t\t\t\t<\/div>\n\t\t<\/div>\n\t\t\t\t<div class=\"elementor-column elementor-col-50 elementor-top-column elementor-element elementor-element-81f15af\" data-id=\"81f15af\" data-element_type=\"column\" data-e-type=\"column\">\n\t\t\t<div class=\"elementor-widget-wrap elementor-element-populated\">\n\t\t\t\t\t\t<div class=\"elementor-element elementor-element-b5458f2 elementor-align-center elementor-widget elementor-widget-ld_button\" data-id=\"b5458f2\" data-element_type=\"widget\" data-e-type=\"widget\" data-widget_type=\"ld_button.default\">\n\t\t\t\t<div class=\"elementor-widget-container\">\n\t\t\t\t\t\n\t\t\t<a\n\t\t\t\thref=\"https:\/\/sevel.com.tr\/en\/wp-content\/uploads\/2022\/12\/MN-NEW-GELATO-SIDE-VIEW.pdf\"class=\"elementor-button btn btn-solid btn-icon-shaped btn-has-label\"\t\t\t>\n\t\t\t\t\t\t\t\t\t<span data-text=\"Download\" class=\"btn-txt\">\n\t\t\t\t\t\tDownload\t\t\t\t\t<\/span>\n\t\t\t\t\t\t\t\t\t\t\t<\/a>\n\t\t\t\t\t\t\t<\/div>\n\t\t\t\t<\/div>\n\t\t\t\t\t<\/div>\n\t\t<\/div>\n\t\t\t\t\t<\/div>\n\t\t<\/section>\n\t\t\t\t<section class=\"elementor-section elementor-top-section elementor-element elementor-element-934cb44 elementor-section-boxed elementor-section-height-default elementor-section-height-default\" data-id=\"934cb44\" data-element_type=\"section\" data-e-type=\"section\" id=\"s\">\n\t\t\t\t\t\t<div class=\"elementor-container elementor-column-gap-default\">\n\t\t\t\t\t<div class=\"elementor-column elementor-col-100 elementor-top-column elementor-element elementor-element-4cb9227\" data-id=\"4cb9227\" data-element_type=\"column\" data-e-type=\"column\">\n\t\t\t<div class=\"elementor-widget-wrap elementor-element-populated\">\n\t\t\t\t\t\t<div class=\"elementor-element elementor-element-cb4dfc2 elementor-widget-divider--view-line elementor-widget elementor-widget-divider\" data-id=\"cb4dfc2\" data-element_type=\"widget\" data-e-type=\"widget\" data-widget_type=\"divider.default\">\n\t\t\t\t<div class=\"elementor-widget-container\">\n\t\t\t\t\t\t\t<div class=\"elementor-divider\">\n\t\t\t<span class=\"elementor-divider-separator\">\n\t\t\t\t\t\t<\/span>\n\t\t<\/div>\n\t\t\t\t\t\t<\/div>\n\t\t\t\t<\/div>\n\t\t\t\t\t<\/div>\n\t\t<\/div>\n\t\t\t\t\t<\/div>\n\t\t<\/section>\n\t\t\t\t<section class=\"elementor-section elementor-top-section elementor-element elementor-element-fef0dc3 elementor-section-boxed elementor-section-height-default elementor-section-height-default\" data-id=\"fef0dc3\" data-element_type=\"section\" data-e-type=\"section\">\n\t\t\t\t\t\t<div class=\"elementor-container elementor-column-gap-default\">\n\t\t\t\t\t<div class=\"elementor-column elementor-col-100 elementor-top-column elementor-element elementor-element-d1aac99\" data-id=\"d1aac99\" data-element_type=\"column\" data-e-type=\"column\">\n\t\t\t<div class=\"elementor-widget-wrap elementor-element-populated\">\n\t\t\t\t\t\t<div class=\"elementor-element elementor-element-81ba9ee elementor-widget elementor-widget-accordion\" data-id=\"81ba9ee\" data-element_type=\"widget\" data-e-type=\"widget\" data-widget_type=\"accordion.default\">\n\t\t\t\t<div class=\"elementor-widget-container\">\n\t\t\t\t\t\t\t<div class=\"elementor-accordion\">\n\t\t\t\t\t\t\t<div class=\"elementor-accordion-item\">\n\t\t\t\t\t<div id=\"elementor-tab-title-1361\" class=\"elementor-tab-title\" data-tab=\"1\" role=\"button\" aria-controls=\"elementor-tab-content-1361\" aria-expanded=\"false\">\n\t\t\t\t\t\t\t\t\t\t\t\t\t<span class=\"elementor-accordion-icon elementor-accordion-icon-left\" aria-hidden=\"true\">\n\t\t\t\t\t\t\t\t\t\t\t\t\t\t\t<span class=\"elementor-accordion-icon-closed\"><i class=\"fas fa-angle-double-down\"><\/i><\/span>\n\t\t\t\t\t\t\t\t<span class=\"elementor-accordion-icon-opened\"><i class=\"fas fa-minus\"><\/i><\/span>\n\t\t\t\t\t\t\t\t\t\t\t\t\t\t<\/span>\n\t\t\t\t\t\t\t\t\t\t\t\t<a class=\"elementor-accordion-title\" tabindex=\"0\">Energy Label<\/a>\n\t\t\t\t\t<\/div>\n\t\t\t\t\t<div id=\"elementor-tab-content-1361\" class=\"elementor-tab-content elementor-clearfix\" data-tab=\"1\" role=\"region\" aria-labelledby=\"elementor-tab-title-1361\"><p><img decoding=\"async\" class=\"size-full wp-image-9861 aligncenter lazyload\" data-src=\"https:\/\/sevel.com.tr\/en\/wp-content\/uploads\/2022\/09\/MILENYUM.jpg\" alt=\"\" width=\"720\" height=\"1040\" data-srcset=\"https:\/\/sevel.com.tr\/en\/wp-content\/uploads\/2022\/09\/MILENYUM.jpg 720w, https:\/\/sevel.com.tr\/en\/wp-content\/uploads\/2022\/09\/MILENYUM-208x300.jpg 208w, https:\/\/sevel.com.tr\/en\/wp-content\/uploads\/2022\/09\/MILENYUM-709x1024.jpg 709w\" data-sizes=\"(max-width: 720px) 100vw, 720px\" src=\"data:image\/svg+xml;base64,PHN2ZyB3aWR0aD0iMSIgaGVpZ2h0PSIxIiB4bWxucz0iaHR0cDovL3d3dy53My5vcmcvMjAwMC9zdmciPjwvc3ZnPg==\" style=\"--smush-placeholder-width: 720px; --smush-placeholder-aspect-ratio: 720\/1040;\" \/><\/p><\/div>\n\t\t\t\t<\/div>\n\t\t\t\t\t\t\t\t<\/div>\n\t\t\t\t\t\t<\/div>\n\t\t\t\t<\/div>\n\t\t\t\t\t<\/div>\n\t\t<\/div>\n\t\t\t\t\t<\/div>\n\t\t<\/section>\n\t\t\t\t<\/div>\n\t\t","protected":false},"excerpt":{"rendered":"<p>MILENYUM Alternative sizes (12, 16, 18, 20 and 24 tubs), Cake, chocolate and waffle alternatives and heated tempered glasses. GET Offer COOLING There are 2 compressors inside the polyurethane monolithic casing that provides full insulation, in case of a compressor failure, it is ensured that it does not compromise its cooling until the service arrives. [&hellip;]<\/p>\n","protected":false},"author":1,"featured_media":0,"parent":0,"menu_order":0,"comment_status":"closed","ping_status":"closed","template":"","meta":{"footnotes":""},"class_list":["post-9211","page","type-page","status-publish","hentry"],"_links":{"self":[{"href":"https:\/\/sevel.com.tr\/en\/wp-json\/wp\/v2\/pages\/9211","targetHints":{"allow":["GET"]}}],"collection":[{"href":"https:\/\/sevel.com.tr\/en\/wp-json\/wp\/v2\/pages"}],"about":[{"href":"https:\/\/sevel.com.tr\/en\/wp-json\/wp\/v2\/types\/page"}],"author":[{"embeddable":true,"href":"https:\/\/sevel.com.tr\/en\/wp-json\/wp\/v2\/users\/1"}],"replies":[{"embeddable":true,"href":"https:\/\/sevel.com.tr\/en\/wp-json\/wp\/v2\/comments?post=9211"}],"version-history":[{"count":34,"href":"https:\/\/sevel.com.tr\/en\/wp-json\/wp\/v2\/pages\/9211\/revisions"}],"predecessor-version":[{"id":12119,"href":"https:\/\/sevel.com.tr\/en\/wp-json\/wp\/v2\/pages\/9211\/revisions\/12119"}],"wp:attachment":[{"href":"https:\/\/sevel.com.tr\/en\/wp-json\/wp\/v2\/media?parent=9211"}],"curies":[{"name":"wp","href":"https:\/\/api.w.org\/{rel}","templated":true}]}}