{"id":10797,"date":"2022-11-02T20:46:04","date_gmt":"2022-11-02T20:46:04","guid":{"rendered":"https:\/\/sevel.com.tr\/en\/?page_id=10797"},"modified":"2023-01-17T23:02:28","modified_gmt":"2023-01-17T23:02:28","slug":"r290-ve-yesil-donusum","status":"publish","type":"page","link":"https:\/\/sevel.com.tr\/en\/r290-ve-yesil-donusum\/","title":{"rendered":"R290 ve Ye\u015fil D\u00f6n\u00fc\u015f\u00fcm"},"content":{"rendered":"\t\t<div data-elementor-type=\"wp-page\" data-elementor-id=\"10797\" class=\"elementor elementor-10797\">\n\t\t\t\t\t\t<section class=\"elementor-section elementor-top-section elementor-element elementor-element-fb09b7f elementor-section-full_width elementor-section-height-default elementor-section-height-default\" data-id=\"fb09b7f\" data-element_type=\"section\" data-e-type=\"section\">\n\t\t\t\t\t\t<div class=\"elementor-container elementor-column-gap-no\">\n\t\t\t\t\t<div class=\"elementor-column elementor-col-100 elementor-top-column elementor-element elementor-element-e5f9dbc\" data-id=\"e5f9dbc\" data-element_type=\"column\" data-e-type=\"column\">\n\t\t\t<div class=\"elementor-widget-wrap elementor-element-populated\">\n\t\t\t\t\t\t<div class=\"elementor-element elementor-element-fd0179c elementor-widget elementor-widget-image\" data-id=\"fd0179c\" data-element_type=\"widget\" data-e-type=\"widget\" data-widget_type=\"image.default\">\n\t\t\t\t<div class=\"elementor-widget-container\">\n\t\t\t\t\t\t\t\t\t\t\t\t\t\t\t<img fetchpriority=\"high\" decoding=\"async\" width=\"1920\" height=\"400\" src=\"https:\/\/sevel.com.tr\/en\/wp-content\/uploads\/2022\/10\/Slider-1.png\" class=\"attachment-full size-full wp-image-10620\" alt=\"\" srcset=\"https:\/\/sevel.com.tr\/en\/wp-content\/uploads\/2022\/10\/Slider-1.png 1920w, https:\/\/sevel.com.tr\/en\/wp-content\/uploads\/2022\/10\/Slider-1-300x63.png 300w, https:\/\/sevel.com.tr\/en\/wp-content\/uploads\/2022\/10\/Slider-1-1024x213.png 1024w, https:\/\/sevel.com.tr\/en\/wp-content\/uploads\/2022\/10\/Slider-1-1536x320.png 1536w\" sizes=\"(max-width: 1920px) 100vw, 1920px\" \/>\t\t\t\t\t\t\t\t\t\t\t\t\t\t\t<\/div>\n\t\t\t\t<\/div>\n\t\t\t\t\t<\/div>\n\t\t<\/div>\n\t\t\t\t\t<\/div>\n\t\t<\/section>\n\t\t\t\t<section class=\"elementor-section elementor-top-section elementor-element elementor-element-4f878d9 elementor-section-boxed elementor-section-height-default elementor-section-height-default\" data-id=\"4f878d9\" data-element_type=\"section\" data-e-type=\"section\">\n\t\t\t\t\t\t<div class=\"elementor-container elementor-column-gap-default\">\n\t\t\t\t\t<div class=\"elementor-column elementor-col-100 elementor-top-column elementor-element elementor-element-9d61871\" data-id=\"9d61871\" data-element_type=\"column\" data-e-type=\"column\">\n\t\t\t<div class=\"elementor-widget-wrap elementor-element-populated\">\n\t\t\t\t\t\t<div class=\"elementor-element elementor-element-d425208 elementor-widget elementor-widget-heading\" data-id=\"d425208\" data-element_type=\"widget\" data-e-type=\"widget\" data-widget_type=\"heading.default\">\n\t\t\t\t<div class=\"elementor-widget-container\">\n\t\t\t\t\t<h2 class=\"elementor-heading-title elementor-size-default\">Carbon Footprint and Green Energy<\/h2>\t\t\t\t<\/div>\n\t\t\t\t<\/div>\n\t\t\t\t\t<\/div>\n\t\t<\/div>\n\t\t\t\t\t<\/div>\n\t\t<\/section>\n\t\t\t\t<section class=\"elementor-section elementor-top-section elementor-element elementor-element-5c4eca8 elementor-section-boxed elementor-section-height-default elementor-section-height-default\" data-id=\"5c4eca8\" data-element_type=\"section\" data-e-type=\"section\">\n\t\t\t\t\t\t<div class=\"elementor-container elementor-column-gap-default\">\n\t\t\t\t\t<div class=\"elementor-column elementor-col-100 elementor-top-column elementor-element elementor-element-d6857cd\" data-id=\"d6857cd\" data-element_type=\"column\" data-e-type=\"column\">\n\t\t\t<div class=\"elementor-widget-wrap elementor-element-populated\">\n\t\t\t\t\t\t<div class=\"elementor-element elementor-element-326f6ef elementor-widget elementor-widget-text-editor\" data-id=\"326f6ef\" data-element_type=\"widget\" data-e-type=\"widget\" data-widget_type=\"text-editor.default\">\n\t\t\t\t<div class=\"elementor-widget-container\">\n\t\t\t\t\t\t\t\t\t<p>Reducing our Carbon Footprint by obtaining %100 of our electricity by Solar Energy in our factory. Adapting greener energy by using R290 (Propane) refrigerant gas. <br \/><br \/><\/p><p>Sevel, which carries out the R&amp;D, design, production and exports of ice cream and cake display sections to more than 70 countries, has taken steps to reduce its carbon footprint within the framework of the European Union Green Agreement decisions. Continuing its efforts to reduce its carbon footprint, Sevel provides 100% of the electrical energy of its factory in Torbal\u0131, \u0130zmir, from solar energy. It has taken an important step towards becoming an environmentalist by starting production as a result of the P&amp;D and test processes it started in 2021 to replace the R452 refrigerant gas used in ice cream display showcases with the R290 (propane) refrigerant gas, which has been certified in compliance with the F-gas regulation and European standards.<\/p>\t\t\t\t\t\t\t\t<\/div>\n\t\t\t\t<\/div>\n\t\t\t\t\t<\/div>\n\t\t<\/div>\n\t\t\t\t\t<\/div>\n\t\t<\/section>\n\t\t\t\t<\/div>\n\t\t","protected":false},"excerpt":{"rendered":"<p>Carbon Footprint and Green Energy Reducing our Carbon Footprint by obtaining %100 of our electricity by Solar Energy in our factory. Adapting greener energy by using R290 (Propane) refrigerant gas. Sevel, which carries out the R&amp;D, design, production and exports of ice cream and cake display sections to more than 70 countries, has taken steps [&hellip;]<\/p>\n","protected":false},"author":1,"featured_media":0,"parent":0,"menu_order":0,"comment_status":"closed","ping_status":"closed","template":"","meta":{"footnotes":""},"class_list":["post-10797","page","type-page","status-publish","hentry"],"_links":{"self":[{"href":"https:\/\/sevel.com.tr\/en\/wp-json\/wp\/v2\/pages\/10797","targetHints":{"allow":["GET"]}}],"collection":[{"href":"https:\/\/sevel.com.tr\/en\/wp-json\/wp\/v2\/pages"}],"about":[{"href":"https:\/\/sevel.com.tr\/en\/wp-json\/wp\/v2\/types\/page"}],"author":[{"embeddable":true,"href":"https:\/\/sevel.com.tr\/en\/wp-json\/wp\/v2\/users\/1"}],"replies":[{"embeddable":true,"href":"https:\/\/sevel.com.tr\/en\/wp-json\/wp\/v2\/comments?post=10797"}],"version-history":[{"count":13,"href":"https:\/\/sevel.com.tr\/en\/wp-json\/wp\/v2\/pages\/10797\/revisions"}],"predecessor-version":[{"id":12002,"href":"https:\/\/sevel.com.tr\/en\/wp-json\/wp\/v2\/pages\/10797\/revisions\/12002"}],"wp:attachment":[{"href":"https:\/\/sevel.com.tr\/en\/wp-json\/wp\/v2\/media?parent=10797"}],"curies":[{"name":"wp","href":"https:\/\/api.w.org\/{rel}","templated":true}]}}