{"id":10385,"date":"2022-09-28T15:57:18","date_gmt":"2022-09-28T15:57:18","guid":{"rendered":"https:\/\/sevel.com.tr\/en\/?page_id=10385"},"modified":"2024-07-22T09:18:50","modified_gmt":"2024-07-22T09:18:50","slug":"karya-premium","status":"publish","type":"page","link":"https:\/\/sevel.com.tr\/en\/karya-premium\/","title":{"rendered":"Karya Premium"},"content":{"rendered":"\t\t<div data-elementor-type=\"wp-page\" data-elementor-id=\"10385\" class=\"elementor elementor-10385\">\n\t\t\t\t\t\t<section class=\"elementor-section elementor-top-section elementor-element elementor-element-f1722dd elementor-section-full_width elementor-section-height-default elementor-section-height-default\" data-id=\"f1722dd\" data-element_type=\"section\" data-e-type=\"section\" id=\"ust\">\n\t\t\t\t\t\t<div class=\"elementor-container elementor-column-gap-no\">\n\t\t\t\t\t<div class=\"elementor-column elementor-col-100 elementor-top-column elementor-element elementor-element-b64ba11\" data-id=\"b64ba11\" data-element_type=\"column\" data-e-type=\"column\">\n\t\t\t<div class=\"elementor-widget-wrap elementor-element-populated\">\n\t\t\t\t\t\t<div class=\"elementor-element elementor-element-fcec371 elementor-hidden-mobile elementor-widget elementor-widget-image\" data-id=\"fcec371\" data-element_type=\"widget\" data-e-type=\"widget\" data-widget_type=\"image.default\">\n\t\t\t\t<div class=\"elementor-widget-container\">\n\t\t\t\t\t\t\t\t\t\t\t\t\t\t\t<img fetchpriority=\"high\" decoding=\"async\" width=\"1920\" height=\"700\" src=\"https:\/\/sevel.com.tr\/en\/wp-content\/uploads\/2024\/07\/Slider-14.png\" class=\"attachment-full size-full wp-image-12206\" alt=\"\" srcset=\"https:\/\/sevel.com.tr\/en\/wp-content\/uploads\/2024\/07\/Slider-14.png 1920w, https:\/\/sevel.com.tr\/en\/wp-content\/uploads\/2024\/07\/Slider-14-300x109.png 300w, https:\/\/sevel.com.tr\/en\/wp-content\/uploads\/2024\/07\/Slider-14-1024x373.png 1024w, https:\/\/sevel.com.tr\/en\/wp-content\/uploads\/2024\/07\/Slider-14-1536x560.png 1536w\" sizes=\"(max-width: 1920px) 100vw, 1920px\" \/>\t\t\t\t\t\t\t\t\t\t\t\t\t\t\t<\/div>\n\t\t\t\t<\/div>\n\t\t\t\t\t<\/div>\n\t\t<\/div>\n\t\t\t\t\t<\/div>\n\t\t<\/section>\n\t\t\t\t<section class=\"elementor-section elementor-top-section elementor-element elementor-element-385fc55 elementor-section-content-middle elementor-section-boxed elementor-section-height-default elementor-section-height-default\" data-id=\"385fc55\" data-element_type=\"section\" data-e-type=\"section\">\n\t\t\t\t\t\t<div class=\"elementor-container elementor-column-gap-extended\">\n\t\t\t\t\t<div class=\"elementor-column elementor-col-100 elementor-top-column elementor-element elementor-element-55db13c\" data-id=\"55db13c\" data-element_type=\"column\" data-e-type=\"column\">\n\t\t\t<div class=\"elementor-widget-wrap elementor-element-populated\">\n\t\t\t\t\t\t<div class=\"elementor-element elementor-element-955d2d1 elementor-widget elementor-widget-heading\" data-id=\"955d2d1\" data-element_type=\"widget\" data-e-type=\"widget\" data-widget_type=\"heading.default\">\n\t\t\t\t<div class=\"elementor-widget-container\">\n\t\t\t\t\t<h2 class=\"elementor-heading-title elementor-size-default\">KARYA PREMIUM VISION<\/h2>\t\t\t\t<\/div>\n\t\t\t\t<\/div>\n\t\t\t\t<div class=\"elementor-element elementor-element-56908f8 elementor-widget elementor-widget-text-editor\" data-id=\"56908f8\" data-element_type=\"widget\" data-e-type=\"widget\" data-widget_type=\"text-editor.default\">\n\t\t\t\t<div class=\"elementor-widget-container\">\n\t\t\t\t\t\t\t\t\t<p>A design beyond ordinary with its impressive curved glass and form.<\/p>\t\t\t\t\t\t\t\t<\/div>\n\t\t\t\t<\/div>\n\t\t\t\t<div class=\"elementor-element elementor-element-681fa2a elementor-align-center elementor-widget elementor-widget-ld_button\" data-id=\"681fa2a\" data-element_type=\"widget\" data-e-type=\"widget\" data-widget_type=\"ld_button.default\">\n\t\t\t\t<div class=\"elementor-widget-container\">\n\t\t\t\t\t\n\t\t\t<a\n\t\t\t\thref=\"https:\/\/sevel.com.tr\/en\/teklif-al\/\"class=\"elementor-button btn btn-solid btn-icon-shaped btn-has-label\"\t\t\t>\n\t\t\t\t\t\t\t\t\t<span data-text=\"GET Offer\" class=\"btn-txt\">\n\t\t\t\t\t\tGET Offer\t\t\t\t\t<\/span>\n\t\t\t\t\t\t\t\t\t\t\t<\/a>\n\t\t\t\t\t\t\t<\/div>\n\t\t\t\t<\/div>\n\t\t\t\t\t<\/div>\n\t\t<\/div>\n\t\t\t\t\t<\/div>\n\t\t<\/section>\n\t\t\t\t<section class=\"elementor-section elementor-top-section elementor-element elementor-element-3940f81 elementor-section-boxed elementor-section-height-default elementor-section-height-default\" data-id=\"3940f81\" data-element_type=\"section\" data-e-type=\"section\" id=\"troy\">\n\t\t\t\t\t\t<div class=\"elementor-container elementor-column-gap-default\">\n\t\t\t\t\t<div class=\"elementor-column elementor-col-100 elementor-top-column elementor-element elementor-element-511bc79\" data-id=\"511bc79\" data-element_type=\"column\" data-e-type=\"column\">\n\t\t\t<div class=\"elementor-widget-wrap elementor-element-populated\">\n\t\t\t\t\t\t<div class=\"elementor-element elementor-element-d169237 elementor-widget-divider--view-line elementor-widget elementor-widget-divider\" data-id=\"d169237\" data-element_type=\"widget\" data-e-type=\"widget\" data-widget_type=\"divider.default\">\n\t\t\t\t<div class=\"elementor-widget-container\">\n\t\t\t\t\t\t\t<div class=\"elementor-divider\">\n\t\t\t<span class=\"elementor-divider-separator\">\n\t\t\t\t\t\t<\/span>\n\t\t<\/div>\n\t\t\t\t\t\t<\/div>\n\t\t\t\t<\/div>\n\t\t\t\t\t<\/div>\n\t\t<\/div>\n\t\t\t\t\t<\/div>\n\t\t<\/section>\n\t\t\t\t<section class=\"elementor-section elementor-top-section elementor-element elementor-element-e205fe3 elementor-section-boxed elementor-section-height-default elementor-section-height-default\" data-id=\"e205fe3\" data-element_type=\"section\" data-e-type=\"section\">\n\t\t\t\t\t\t<div class=\"elementor-container elementor-column-gap-default\">\n\t\t\t\t\t<div class=\"elementor-column elementor-col-100 elementor-top-column elementor-element elementor-element-00321d2\" data-id=\"00321d2\" data-element_type=\"column\" data-e-type=\"column\">\n\t\t\t<div class=\"elementor-widget-wrap elementor-element-populated\">\n\t\t\t\t\t\t<div class=\"elementor-element elementor-element-05546bc elementor-widget elementor-widget-image\" data-id=\"05546bc\" data-element_type=\"widget\" data-e-type=\"widget\" data-widget_type=\"image.default\">\n\t\t\t\t<div class=\"elementor-widget-container\">\n\t\t\t\t\t\t\t\t\t\t\t\t\t\t\t<img decoding=\"async\" width=\"780\" height=\"439\" src=\"data:image\/svg+xml,%3Csvg xmlns=&#039;http:\/\/www.w3.org\/2000\/svg&#039; viewBox=&#039;0 0 1024 576&#039;%3E%3C\/svg%3E\" class=\"attachment-large size-large wp-image-12207 ld-lazyload\" alt=\"\" data-src=\"https:\/\/sevel.com.tr\/en\/wp-content\/uploads\/2024\/07\/Karya-Premium-1024x576.png\" data-srcset=\"https:\/\/sevel.com.tr\/en\/wp-content\/uploads\/2024\/07\/Karya-Premium-1024x576.png 1024w, https:\/\/sevel.com.tr\/en\/wp-content\/uploads\/2024\/07\/Karya-Premium-300x169.png 300w, https:\/\/sevel.com.tr\/en\/wp-content\/uploads\/2024\/07\/Karya-Premium.png 1920w\" data-sizes=\"(max-width: 780px) 100vw, 780px\" data-aspect=\"1.7777777777778\" \/>\t\t\t\t\t\t\t\t\t\t\t\t\t\t\t<\/div>\n\t\t\t\t<\/div>\n\t\t\t\t\t<\/div>\n\t\t<\/div>\n\t\t\t\t\t<\/div>\n\t\t<\/section>\n\t\t\t\t<section class=\"elementor-section elementor-top-section elementor-element elementor-element-2788771 elementor-section-boxed elementor-section-height-default elementor-section-height-default\" data-id=\"2788771\" data-element_type=\"section\" data-e-type=\"section\">\n\t\t\t\t\t\t<div class=\"elementor-container elementor-column-gap-default\">\n\t\t\t\t\t<div class=\"elementor-column elementor-col-50 elementor-top-column elementor-element elementor-element-64b11ba\" data-id=\"64b11ba\" data-element_type=\"column\" data-e-type=\"column\">\n\t\t\t<div class=\"elementor-widget-wrap elementor-element-populated\">\n\t\t\t\t\t\t<div class=\"elementor-element elementor-element-b25b6c4 elementor-widget elementor-widget-text-editor\" data-id=\"b25b6c4\" data-element_type=\"widget\" data-e-type=\"widget\" data-widget_type=\"text-editor.default\">\n\t\t\t\t<div class=\"elementor-widget-container\">\n\t\t\t\t\t\t\t\t\t<p><strong><span style=\"font-size: 18px;\">WIDE CURVED DESIGN<\/span><\/strong><\/p><p>Curved glass design combined with Sevel cooling. The form integrity of Karya Premium Vision is formed by the wide curved windshield design without slats. Designed to offer the widest viewing angle.<\/p><p><span style=\"font-size: 18px;\"><strong>FULLY CURVED DESIGN<\/strong><\/span><\/p><p>Curved form combined with Sevel cooling performance. The form<br \/>integrity of Karya Premium Vision is formed by the wide curved glass<br \/>design that combines the top and front seamlessly. Designed to offer the<br \/>widest viewing angle.<\/p><p><strong><span style=\"font-size: 18px;\">COOLING<\/span><\/strong><\/p><p>There are 2 compressors inside the polyurethane monolithic case providing full insulation (S45G and over 16G), 2 separate cooling systems; In case of failure of one of the compressors, it saves time for you, the end users, to intervene in the ice creams. Heated and tempered front and side windows ensure that the visibility is not adversely affected by changing outside weather conditions.<\/p><p>Inside the polyurethane monolithic case there are two compressors(over 16G and S45G models), two seperate cooling systems; in case of failure of one of the compressors, it saves time for the user to save the ice creams.<\/p>\t\t\t\t\t\t\t\t<\/div>\n\t\t\t\t<\/div>\n\t\t\t\t<div class=\"elementor-element elementor-element-b6f3669 elementor-widget elementor-widget-spacer\" data-id=\"b6f3669\" data-element_type=\"widget\" data-e-type=\"widget\" data-widget_type=\"spacer.default\">\n\t\t\t\t<div class=\"elementor-widget-container\">\n\t\t\t\t\t\t\t<div class=\"elementor-spacer\">\n\t\t\t<div class=\"elementor-spacer-inner\"><\/div>\n\t\t<\/div>\n\t\t\t\t\t\t<\/div>\n\t\t\t\t<\/div>\n\t\t\t\t<div class=\"elementor-element elementor-element-2f590ed elementor-arrows-position-inside elementor-widget elementor-widget-image-carousel\" data-id=\"2f590ed\" data-element_type=\"widget\" data-e-type=\"widget\" data-settings=\"{&quot;slides_to_show&quot;:&quot;1&quot;,&quot;navigation&quot;:&quot;arrows&quot;,&quot;autoplay&quot;:&quot;yes&quot;,&quot;pause_on_hover&quot;:&quot;yes&quot;,&quot;pause_on_interaction&quot;:&quot;yes&quot;,&quot;autoplay_speed&quot;:5000,&quot;infinite&quot;:&quot;yes&quot;,&quot;effect&quot;:&quot;slide&quot;,&quot;speed&quot;:500}\" data-widget_type=\"image-carousel.default\">\n\t\t\t\t<div class=\"elementor-widget-container\">\n\t\t\t\t\t\t\t<div class=\"elementor-image-carousel-wrapper swiper\" role=\"region\" aria-roledescription=\"carousel\" aria-label=\"Resim D\u00f6ng\u00fcs\u00fc\" dir=\"ltr\">\n\t\t\t<div class=\"elementor-image-carousel swiper-wrapper swiper-image-stretch\" aria-live=\"off\">\n\t\t\t\t\t\t\t\t<div class=\"swiper-slide\" role=\"group\" aria-roledescription=\"slide\" aria-label=\"1 \/ 2\"><figure class=\"swiper-slide-inner\"><img decoding=\"async\" class=\"swiper-slide-image lazyload\" data-src=\"https:\/\/sevel.com.tr\/en\/wp-content\/uploads\/2024\/07\/Slider-1-10.png\" alt=\"Slider-1\" src=\"data:image\/svg+xml;base64,PHN2ZyB3aWR0aD0iMSIgaGVpZ2h0PSIxIiB4bWxucz0iaHR0cDovL3d3dy53My5vcmcvMjAwMC9zdmciPjwvc3ZnPg==\" style=\"--smush-placeholder-width: 1080px; --smush-placeholder-aspect-ratio: 1080\/1080;\" \/><\/figure><\/div><div class=\"swiper-slide\" role=\"group\" aria-roledescription=\"slide\" aria-label=\"2 \/ 2\"><figure class=\"swiper-slide-inner\"><img decoding=\"async\" class=\"swiper-slide-image lazyload\" data-src=\"https:\/\/sevel.com.tr\/en\/wp-content\/uploads\/2022\/09\/Bombe-V-18-Detay1.jpeg\" alt=\"Bombe V-18 Detay1\" src=\"data:image\/svg+xml;base64,PHN2ZyB3aWR0aD0iMSIgaGVpZ2h0PSIxIiB4bWxucz0iaHR0cDovL3d3dy53My5vcmcvMjAwMC9zdmciPjwvc3ZnPg==\" style=\"--smush-placeholder-width: 2895px; --smush-placeholder-aspect-ratio: 2895\/2122;\" \/><\/figure><\/div>\t\t\t<\/div>\n\t\t\t\t\t\t\t\t\t\t\t\t<div class=\"elementor-swiper-button elementor-swiper-button-prev\" role=\"button\" tabindex=\"0\">\n\t\t\t\t\t\t<i aria-hidden=\"true\" class=\"eicon-chevron-left\"><\/i>\t\t\t\t\t<\/div>\n\t\t\t\t\t<div class=\"elementor-swiper-button elementor-swiper-button-next\" role=\"button\" tabindex=\"0\">\n\t\t\t\t\t\t<i aria-hidden=\"true\" class=\"eicon-chevron-right\"><\/i>\t\t\t\t\t<\/div>\n\t\t\t\t\n\t\t\t\t\t\t\t\t\t<\/div>\n\t\t\t\t\t\t<\/div>\n\t\t\t\t<\/div>\n\t\t\t\t\t<\/div>\n\t\t<\/div>\n\t\t\t\t<div class=\"elementor-column elementor-col-50 elementor-top-column elementor-element elementor-element-6cf9648\" data-id=\"6cf9648\" data-element_type=\"column\" data-e-type=\"column\">\n\t\t\t<div class=\"elementor-widget-wrap elementor-element-populated\">\n\t\t\t\t\t\t<div class=\"elementor-element elementor-element-b9cd390 elementor-widget elementor-widget-accordion\" data-id=\"b9cd390\" data-element_type=\"widget\" data-e-type=\"widget\" data-widget_type=\"accordion.default\">\n\t\t\t\t<div class=\"elementor-widget-container\">\n\t\t\t\t\t\t\t<div class=\"elementor-accordion\">\n\t\t\t\t\t\t\t<div class=\"elementor-accordion-item\">\n\t\t\t\t\t<div id=\"elementor-tab-title-1941\" class=\"elementor-tab-title\" data-tab=\"1\" role=\"button\" aria-controls=\"elementor-tab-content-1941\" aria-expanded=\"false\">\n\t\t\t\t\t\t\t\t\t\t\t\t\t<span class=\"elementor-accordion-icon elementor-accordion-icon-left\" aria-hidden=\"true\">\n\t\t\t\t\t\t\t\t\t\t\t\t\t\t\t<span class=\"elementor-accordion-icon-closed\"><i class=\"fas fa-angle-double-down\"><\/i><\/span>\n\t\t\t\t\t\t\t\t<span class=\"elementor-accordion-icon-opened\"><i class=\"fas fa-minus\"><\/i><\/span>\n\t\t\t\t\t\t\t\t\t\t\t\t\t\t<\/span>\n\t\t\t\t\t\t\t\t\t\t\t\t<a class=\"elementor-accordion-title\" tabindex=\"0\">Technicial Specifications<\/a>\n\t\t\t\t\t<\/div>\n\t\t\t\t\t<div id=\"elementor-tab-content-1941\" class=\"elementor-tab-content elementor-clearfix\" data-tab=\"1\" role=\"region\" aria-labelledby=\"elementor-tab-title-1941\"><p style=\"text-align: left;\"><strong>Height mm &#8211; (inches)<\/strong><br \/>1167 (45.94\u201d)<\/p><p style=\"text-align: left;\"><strong>Length and Depth mm &#8211; (inches)<\/strong><br \/><strong>U<\/strong> 1705 \/ 2226 (67.12\u201d \/ 87.63\u201d)<br \/><strong>D<\/strong> 1119 (44.05\u201d)<\/p><p style=\"text-align: left;\"><strong>Cooling Capacity<\/strong><br \/>-18,-22C \/ 0,-7.6F<\/p><p style=\"text-align: left;\"><strong>Details;<\/strong><br \/>Double hermetic compressors.<br \/>Specially developed Dual Time Defrost System. (220V only)<br \/>Polyurethane monolithic case.<br \/>Heated and tempered double glazing.<br \/>Openable front glass.<br \/>LED lighting.<br \/>RAL front and side panels.<br \/>Offered only in Vision form; transparent polycarbonate pans.<br \/>Wheels with\/without brakes and\/or fixed feet.<br \/>Rear Plexiglass sliding door or wraparound curtain.<br \/>Pans are included.\u00a0<br \/>Cooling Capacity; Tested under 60% humidity conditions at +35\u00b0C.<\/p><\/div>\n\t\t\t\t<\/div>\n\t\t\t\t\t\t\t\t<\/div>\n\t\t\t\t\t\t<\/div>\n\t\t\t\t<\/div>\n\t\t\t\t<div class=\"elementor-element elementor-element-c7b1982 elementor-widget elementor-widget-spacer\" data-id=\"c7b1982\" data-element_type=\"widget\" data-e-type=\"widget\" data-widget_type=\"spacer.default\">\n\t\t\t\t<div class=\"elementor-widget-container\">\n\t\t\t\t\t\t\t<div class=\"elementor-spacer\">\n\t\t\t<div class=\"elementor-spacer-inner\"><\/div>\n\t\t<\/div>\n\t\t\t\t\t\t<\/div>\n\t\t\t\t<\/div>\n\t\t\t\t<div class=\"elementor-element elementor-element-320d4e9 elementor-widget elementor-widget-heading\" data-id=\"320d4e9\" data-element_type=\"widget\" data-e-type=\"widget\" data-widget_type=\"heading.default\">\n\t\t\t\t<div class=\"elementor-widget-container\">\n\t\t\t\t\t<h2 class=\"elementor-heading-title elementor-size-default\">Tub Quantities<\/h2>\t\t\t\t<\/div>\n\t\t\t\t<\/div>\n\t\t\t\t<div class=\"elementor-element elementor-element-1b1fe1d elementor-widget elementor-widget-spacer\" data-id=\"1b1fe1d\" data-element_type=\"widget\" data-e-type=\"widget\" data-widget_type=\"spacer.default\">\n\t\t\t\t<div class=\"elementor-widget-container\">\n\t\t\t\t\t\t\t<div class=\"elementor-spacer\">\n\t\t\t<div class=\"elementor-spacer-inner\"><\/div>\n\t\t<\/div>\n\t\t\t\t\t\t<\/div>\n\t\t\t\t<\/div>\n\t\t\t\t<div class=\"elementor-element elementor-element-139ae87 elementor-widget elementor-widget-ld_tabs\" data-id=\"139ae87\" data-element_type=\"widget\" data-e-type=\"widget\" data-widget_type=\"ld_tabs.default\">\n\t\t\t\t<div class=\"elementor-widget-container\">\n\t\t\t\t\t\t\t<div class=\"lqd-tabs lqd-tabs-style-13 d-flex lqd-tabs-nav-items-not-expanded  139ae87 lqd-nav-underline-\" data-tabs-options=\"{&quot;trigger&quot;:&quot;click&quot;}\">\n\n\t\t\t<nav class=\"lqd-tabs-nav-wrap\">\n\t\t\t\t<ul class=\"reset-ul lqd-tabs-nav d-flex flex-column pos-rel\" role=\"tablist\"><li data-controls=\"lqd-tab-2051\" role=\"presentation\" class=\"elementor-repeater-item-5b8c493 active\"><a class=\"d-block mb-2\" href=\"#lqd-tab-2051\" data-bs-target=\"#lqd-tab-2051\" aria-expanded=\"false\" aria-controls=\"lqd-tab-2051\" role=\"tab\" data-toggle=\"tab\" data-bs-toggle=\"tab\"><span class=\"lqd-tabs-nav-txt\">18G<\/span><\/a><\/li><li data-controls=\"lqd-tab-2052\" role=\"presentation\" class=\"elementor-repeater-item-5618093\"><a class=\"d-block mb-2\" href=\"#lqd-tab-2052\" data-bs-target=\"#lqd-tab-2052\" aria-expanded=\"false\" aria-controls=\"lqd-tab-2052\" role=\"tab\" data-toggle=\"tab\" data-bs-toggle=\"tab\"><span class=\"lqd-tabs-nav-txt\">24G<\/span><\/a><\/li><\/ul>\t\t\t\t\t\t\t<\/nav>\n\n\t\t\t<div class=\"lqd-tabs-content ps-6 pos-rel\"><div id=\"lqd-tab-2051\" role=\"tabpanel\" class=\"lqd-tabs-pane fade active in\"><p><img decoding=\"async\" class=\"alignnone wp-image-11291 size-full lazyload\" data-src=\"https:\/\/sevel.com.tr\/en\/wp-content\/uploads\/2022\/12\/18-3-1.png\" alt=\"\" width=\"695\" height=\"500\" data-srcset=\"https:\/\/sevel.com.tr\/en\/wp-content\/uploads\/2022\/12\/18-3-1.png 695w, https:\/\/sevel.com.tr\/en\/wp-content\/uploads\/2022\/12\/18-3-1-300x216.png 300w\" data-sizes=\"(max-width: 695px) 100vw, 695px\" src=\"data:image\/svg+xml;base64,PHN2ZyB3aWR0aD0iMSIgaGVpZ2h0PSIxIiB4bWxucz0iaHR0cDovL3d3dy53My5vcmcvMjAwMC9zdmciPjwvc3ZnPg==\" style=\"--smush-placeholder-width: 695px; --smush-placeholder-aspect-ratio: 695\/500;\" \/><\/p> <\/div><div id=\"lqd-tab-2052\" role=\"tabpanel\" class=\"lqd-tabs-pane fade\"><p><img decoding=\"async\" class=\"alignnone wp-image-11292 size-full lazyload\" data-src=\"https:\/\/sevel.com.tr\/en\/wp-content\/uploads\/2022\/12\/24-3-1.png\" alt=\"\" width=\"826\" height=\"500\" data-srcset=\"https:\/\/sevel.com.tr\/en\/wp-content\/uploads\/2022\/12\/24-3-1.png 826w, https:\/\/sevel.com.tr\/en\/wp-content\/uploads\/2022\/12\/24-3-1-300x182.png 300w\" data-sizes=\"(max-width: 826px) 100vw, 826px\" src=\"data:image\/svg+xml;base64,PHN2ZyB3aWR0aD0iMSIgaGVpZ2h0PSIxIiB4bWxucz0iaHR0cDovL3d3dy53My5vcmcvMjAwMC9zdmciPjwvc3ZnPg==\" style=\"--smush-placeholder-width: 826px; --smush-placeholder-aspect-ratio: 826\/500;\" \/><\/p> <\/div><\/div>\n\t\t<\/div>\n\t\t\t\t\t<\/div>\n\t\t\t\t<\/div>\n\t\t\t\t\t<\/div>\n\t\t<\/div>\n\t\t\t\t\t<\/div>\n\t\t<\/section>\n\t\t\t\t<section class=\"elementor-section elementor-top-section elementor-element elementor-element-c0f0f72 elementor-section-boxed elementor-section-height-default elementor-section-height-default\" data-id=\"c0f0f72\" data-element_type=\"section\" data-e-type=\"section\">\n\t\t\t\t\t\t<div class=\"elementor-container elementor-column-gap-default\">\n\t\t\t\t\t<div class=\"elementor-column elementor-col-50 elementor-top-column elementor-element elementor-element-93cef23\" data-id=\"93cef23\" data-element_type=\"column\" data-e-type=\"column\">\n\t\t\t<div class=\"elementor-widget-wrap elementor-element-populated\">\n\t\t\t\t\t\t<div class=\"elementor-element elementor-element-6dcf907 elementor-widget elementor-widget-hub_fancy_heading\" data-id=\"6dcf907\" data-element_type=\"widget\" data-e-type=\"widget\" data-widget_type=\"hub_fancy_heading.default\">\n\t\t\t\t<div class=\"elementor-widget-container\">\n\t\t\t\t\t\n\t\t<div id=\"ld-fancy-heading-69d976094a7f0\" class=\"ld-fancy-heading pos-rel\">\n\t\t\t<h2 class=\"ld-fh-element d-inline-block pos-rel  elementor-heading-title h2\"  > Technical specifications<\/h2>\t\t<\/div>\n\n\t\t\t\t\t\t<\/div>\n\t\t\t\t<\/div>\n\t\t\t\t\t<\/div>\n\t\t<\/div>\n\t\t\t\t<div class=\"elementor-column elementor-col-50 elementor-top-column elementor-element elementor-element-7a40d90\" data-id=\"7a40d90\" data-element_type=\"column\" data-e-type=\"column\">\n\t\t\t<div class=\"elementor-widget-wrap elementor-element-populated\">\n\t\t\t\t\t\t<div class=\"elementor-element elementor-element-1ebfca1 elementor-align-center elementor-widget elementor-widget-ld_button\" data-id=\"1ebfca1\" data-element_type=\"widget\" data-e-type=\"widget\" data-widget_type=\"ld_button.default\">\n\t\t\t\t<div class=\"elementor-widget-container\">\n\t\t\t\t\t\n\t\t\t<a\n\t\t\t\thref=\"https:\/\/sevel.com.tr\/en\/wp-content\/uploads\/2022\/12\/Karya-Premium.pdf\"class=\"elementor-button btn btn-solid btn-icon-shaped btn-has-label\"\t\t\t>\n\t\t\t\t\t\t\t\t\t<span data-text=\"Download\" class=\"btn-txt\">\n\t\t\t\t\t\tDownload\t\t\t\t\t<\/span>\n\t\t\t\t\t\t\t\t\t\t\t<\/a>\n\t\t\t\t\t\t\t<\/div>\n\t\t\t\t<\/div>\n\t\t\t\t\t<\/div>\n\t\t<\/div>\n\t\t\t\t\t<\/div>\n\t\t<\/section>\n\t\t\t\t<section class=\"elementor-section elementor-top-section elementor-element elementor-element-934cb44 elementor-section-boxed elementor-section-height-default elementor-section-height-default\" data-id=\"934cb44\" data-element_type=\"section\" data-e-type=\"section\" id=\"s\">\n\t\t\t\t\t\t<div class=\"elementor-container elementor-column-gap-default\">\n\t\t\t\t\t<div class=\"elementor-column elementor-col-100 elementor-top-column elementor-element elementor-element-4cb9227\" data-id=\"4cb9227\" data-element_type=\"column\" data-e-type=\"column\">\n\t\t\t<div class=\"elementor-widget-wrap elementor-element-populated\">\n\t\t\t\t\t\t<div class=\"elementor-element elementor-element-cb4dfc2 elementor-widget-divider--view-line elementor-widget elementor-widget-divider\" data-id=\"cb4dfc2\" data-element_type=\"widget\" data-e-type=\"widget\" data-widget_type=\"divider.default\">\n\t\t\t\t<div class=\"elementor-widget-container\">\n\t\t\t\t\t\t\t<div class=\"elementor-divider\">\n\t\t\t<span class=\"elementor-divider-separator\">\n\t\t\t\t\t\t<\/span>\n\t\t<\/div>\n\t\t\t\t\t\t<\/div>\n\t\t\t\t<\/div>\n\t\t\t\t\t<\/div>\n\t\t<\/div>\n\t\t\t\t\t<\/div>\n\t\t<\/section>\n\t\t\t\t<section class=\"elementor-section elementor-top-section elementor-element elementor-element-fef0dc3 elementor-section-boxed elementor-section-height-default elementor-section-height-default\" data-id=\"fef0dc3\" data-element_type=\"section\" data-e-type=\"section\">\n\t\t\t\t\t\t<div class=\"elementor-container elementor-column-gap-default\">\n\t\t\t\t\t<div class=\"elementor-column elementor-col-100 elementor-top-column elementor-element elementor-element-d1aac99\" data-id=\"d1aac99\" data-element_type=\"column\" data-e-type=\"column\">\n\t\t\t<div class=\"elementor-widget-wrap elementor-element-populated\">\n\t\t\t\t\t\t<div class=\"elementor-element elementor-element-81ba9ee elementor-widget elementor-widget-accordion\" data-id=\"81ba9ee\" data-element_type=\"widget\" data-e-type=\"widget\" data-widget_type=\"accordion.default\">\n\t\t\t\t<div class=\"elementor-widget-container\">\n\t\t\t\t\t\t\t<div class=\"elementor-accordion\">\n\t\t\t\t\t\t\t<div class=\"elementor-accordion-item\">\n\t\t\t\t\t<div id=\"elementor-tab-title-1361\" class=\"elementor-tab-title\" data-tab=\"1\" role=\"button\" aria-controls=\"elementor-tab-content-1361\" aria-expanded=\"false\">\n\t\t\t\t\t\t\t\t\t\t\t\t\t<span class=\"elementor-accordion-icon elementor-accordion-icon-left\" aria-hidden=\"true\">\n\t\t\t\t\t\t\t\t\t\t\t\t\t\t\t<span class=\"elementor-accordion-icon-closed\"><i class=\"fas fa-angle-double-down\"><\/i><\/span>\n\t\t\t\t\t\t\t\t<span class=\"elementor-accordion-icon-opened\"><i class=\"fas fa-chevron-up\"><\/i><\/span>\n\t\t\t\t\t\t\t\t\t\t\t\t\t\t<\/span>\n\t\t\t\t\t\t\t\t\t\t\t\t<a class=\"elementor-accordion-title\" tabindex=\"0\">Energy Label<\/a>\n\t\t\t\t\t<\/div>\n\t\t\t\t\t<div id=\"elementor-tab-content-1361\" class=\"elementor-tab-content elementor-clearfix\" data-tab=\"1\" role=\"region\" aria-labelledby=\"elementor-tab-title-1361\"><p><img decoding=\"async\" class=\"size-full wp-image-9869 aligncenter lazyload\" data-src=\"https:\/\/sevel.com.tr\/en\/wp-content\/uploads\/2022\/09\/KARYA.jpg\" alt=\"\" width=\"720\" height=\"1040\" data-srcset=\"https:\/\/sevel.com.tr\/en\/wp-content\/uploads\/2022\/09\/KARYA.jpg 720w, https:\/\/sevel.com.tr\/en\/wp-content\/uploads\/2022\/09\/KARYA-208x300.jpg 208w, https:\/\/sevel.com.tr\/en\/wp-content\/uploads\/2022\/09\/KARYA-709x1024.jpg 709w\" data-sizes=\"(max-width: 720px) 100vw, 720px\" src=\"data:image\/svg+xml;base64,PHN2ZyB3aWR0aD0iMSIgaGVpZ2h0PSIxIiB4bWxucz0iaHR0cDovL3d3dy53My5vcmcvMjAwMC9zdmciPjwvc3ZnPg==\" style=\"--smush-placeholder-width: 720px; --smush-placeholder-aspect-ratio: 720\/1040;\" \/><\/p><\/div>\n\t\t\t\t<\/div>\n\t\t\t\t\t\t\t\t<\/div>\n\t\t\t\t\t\t<\/div>\n\t\t\t\t<\/div>\n\t\t\t\t\t<\/div>\n\t\t<\/div>\n\t\t\t\t\t<\/div>\n\t\t<\/section>\n\t\t\t\t<\/div>\n\t\t","protected":false},"excerpt":{"rendered":"<p>KARYA PREMIUM VISION A design beyond ordinary with its impressive curved glass and form. GET Offer WIDE CURVED DESIGN Curved glass design combined with Sevel cooling. The form integrity of Karya Premium Vision is formed by the wide curved windshield design without slats. Designed to offer the widest viewing angle. FULLY CURVED DESIGN Curved form [&hellip;]<\/p>\n","protected":false},"author":1,"featured_media":0,"parent":0,"menu_order":0,"comment_status":"closed","ping_status":"closed","template":"","meta":{"footnotes":""},"class_list":["post-10385","page","type-page","status-publish","hentry"],"_links":{"self":[{"href":"https:\/\/sevel.com.tr\/en\/wp-json\/wp\/v2\/pages\/10385","targetHints":{"allow":["GET"]}}],"collection":[{"href":"https:\/\/sevel.com.tr\/en\/wp-json\/wp\/v2\/pages"}],"about":[{"href":"https:\/\/sevel.com.tr\/en\/wp-json\/wp\/v2\/types\/page"}],"author":[{"embeddable":true,"href":"https:\/\/sevel.com.tr\/en\/wp-json\/wp\/v2\/users\/1"}],"replies":[{"embeddable":true,"href":"https:\/\/sevel.com.tr\/en\/wp-json\/wp\/v2\/comments?post=10385"}],"version-history":[{"count":34,"href":"https:\/\/sevel.com.tr\/en\/wp-json\/wp\/v2\/pages\/10385\/revisions"}],"predecessor-version":[{"id":12212,"href":"https:\/\/sevel.com.tr\/en\/wp-json\/wp\/v2\/pages\/10385\/revisions\/12212"}],"wp:attachment":[{"href":"https:\/\/sevel.com.tr\/en\/wp-json\/wp\/v2\/media?parent=10385"}],"curies":[{"name":"wp","href":"https:\/\/api.w.org\/{rel}","templated":true}]}}