{"id":10081,"date":"2022-09-22T20:47:06","date_gmt":"2022-09-22T20:47:06","guid":{"rendered":"https:\/\/sevel.com.tr\/en\/?page_id=10081"},"modified":"2022-09-22T20:49:27","modified_gmt":"2022-09-22T20:49:27","slug":"kvkk","status":"publish","type":"page","link":"https:\/\/sevel.com.tr\/en\/kvkk\/","title":{"rendered":"KVKK"},"content":{"rendered":"\t\t<div data-elementor-type=\"wp-page\" data-elementor-id=\"10081\" class=\"elementor elementor-10081\">\n\t\t\t\t\t\t<section class=\"elementor-section elementor-top-section elementor-element elementor-element-1b8e89a elementor-section-full_width elementor-section-height-default elementor-section-height-default\" data-id=\"1b8e89a\" data-element_type=\"section\" data-e-type=\"section\">\n\t\t\t\t\t\t<div class=\"elementor-container elementor-column-gap-no\">\n\t\t\t\t\t<div class=\"elementor-column elementor-col-100 elementor-top-column elementor-element elementor-element-66f579c\" data-id=\"66f579c\" data-element_type=\"column\" data-e-type=\"column\">\n\t\t\t<div class=\"elementor-widget-wrap elementor-element-populated\">\n\t\t\t\t\t\t<div class=\"elementor-element elementor-element-16df42d elementor-widget elementor-widget-image\" data-id=\"16df42d\" data-element_type=\"widget\" data-e-type=\"widget\" data-widget_type=\"image.default\">\n\t\t\t\t<div class=\"elementor-widget-container\">\n\t\t\t\t\t\t\t\t\t\t\t\t\t\t\t<img fetchpriority=\"high\" decoding=\"async\" width=\"1920\" height=\"657\" src=\"https:\/\/sevel.com.tr\/en\/wp-content\/uploads\/2022\/09\/report.png\" class=\"attachment-full size-full wp-image-9986\" alt=\"\" srcset=\"https:\/\/sevel.com.tr\/en\/wp-content\/uploads\/2022\/09\/report.png 1920w, https:\/\/sevel.com.tr\/en\/wp-content\/uploads\/2022\/09\/report-300x103.png 300w, https:\/\/sevel.com.tr\/en\/wp-content\/uploads\/2022\/09\/report-1024x350.png 1024w, https:\/\/sevel.com.tr\/en\/wp-content\/uploads\/2022\/09\/report-1536x526.png 1536w\" sizes=\"(max-width: 1920px) 100vw, 1920px\" \/>\t\t\t\t\t\t\t\t\t\t\t\t\t\t\t<\/div>\n\t\t\t\t<\/div>\n\t\t\t\t\t<\/div>\n\t\t<\/div>\n\t\t\t\t\t<\/div>\n\t\t<\/section>\n\t\t\t\t<section class=\"elementor-section elementor-top-section elementor-element elementor-element-62556e1 elementor-section-boxed elementor-section-height-default elementor-section-height-default\" data-id=\"62556e1\" data-element_type=\"section\" data-e-type=\"section\">\n\t\t\t\t\t\t<div class=\"elementor-container elementor-column-gap-default\">\n\t\t\t\t\t<div class=\"elementor-column elementor-col-50 elementor-top-column elementor-element elementor-element-fd42f3c\" data-id=\"fd42f3c\" data-element_type=\"column\" data-e-type=\"column\">\n\t\t\t<div class=\"elementor-widget-wrap elementor-element-populated\">\n\t\t\t\t\t\t<div class=\"elementor-element elementor-element-4e519fa elementor-widget elementor-widget-heading\" data-id=\"4e519fa\" data-element_type=\"widget\" data-e-type=\"widget\" data-widget_type=\"heading.default\">\n\t\t\t\t<div class=\"elementor-widget-container\">\n\t\t\t\t\t<h2 class=\"elementor-heading-title elementor-size-default\">KAMPANYA VE TANITIM FAAL\u0130YETLER\u0130NE \u0130L\u0130\u015eK\u0130N AYDINLATMA METN\u0130\n\n<\/h2>\t\t\t\t<\/div>\n\t\t\t\t<\/div>\n\t\t\t\t\t<\/div>\n\t\t<\/div>\n\t\t\t\t<div class=\"elementor-column elementor-col-50 elementor-top-column elementor-element elementor-element-fdeb649\" data-id=\"fdeb649\" data-element_type=\"column\" data-e-type=\"column\">\n\t\t\t<div class=\"elementor-widget-wrap elementor-element-populated\">\n\t\t\t\t\t\t<div class=\"elementor-element elementor-element-6a5ce5b elementor-widget elementor-widget-text-editor\" data-id=\"6a5ce5b\" data-element_type=\"widget\" data-e-type=\"widget\" data-widget_type=\"text-editor.default\">\n\t\t\t\t<div class=\"elementor-widget-container\">\n\t\t\t\t\t\t\t\t\t<p>SEVEL A.\u015e olarak \u00f6zel hayat\u0131n gizlili\u011fine sayg\u0131 duyuyor ve \u00f6nem veriyoruz. Bu nedenle, sizleri 6698 say\u0131l\u0131 Ki\u015fisel Verilerin Korunmas\u0131 Kanunu (Bundan sonra \u201cKVKK\u201d olarak an\u0131lacakt\u0131r.) kapsam\u0131nda ki\u015fisel verilerinizin kullan\u0131m\u0131 ve korunmas\u0131 ile ilgili haklar\u0131n\u0131z konusunda bilgilendirmek istiyoruz.<\/p>\t\t\t\t\t\t\t\t<\/div>\n\t\t\t\t<\/div>\n\t\t\t\t\t<\/div>\n\t\t<\/div>\n\t\t\t\t\t<\/div>\n\t\t<\/section>\n\t\t\t\t<section class=\"elementor-section elementor-top-section elementor-element elementor-element-010250f elementor-section-boxed elementor-section-height-default elementor-section-height-default\" data-id=\"010250f\" data-element_type=\"section\" data-e-type=\"section\">\n\t\t\t\t\t\t<div class=\"elementor-container elementor-column-gap-default\">\n\t\t\t\t\t<div class=\"elementor-column elementor-col-100 elementor-top-column elementor-element elementor-element-86ef8d7\" data-id=\"86ef8d7\" data-element_type=\"column\" data-e-type=\"column\">\n\t\t\t<div class=\"elementor-widget-wrap elementor-element-populated\">\n\t\t\t\t\t\t<div class=\"elementor-element elementor-element-30c962c elementor-widget elementor-widget-text-editor\" data-id=\"30c962c\" data-element_type=\"widget\" data-e-type=\"widget\" data-widget_type=\"text-editor.default\">\n\t\t\t\t<div class=\"elementor-widget-container\">\n\t\t\t\t\t\t\t\t\t<p>a) Ki\u015fisel Verilerinizin Toplanma Y\u00f6ntemi<\/p><p>SEVEL olarak, sizin taraf\u0131n\u0131zdan web sitesi \u00fczerinden online veya bas\u0131l\u0131 form doldurulmas\u0131 suretiyle elde etti\u011fimiz kimlik ve ileti\u015fim bilgilerinizden olu\u015fan ki\u015fisel verilerinizi KVKK kapsam\u0131nda veri sorumlusu s\u0131fat\u0131yla i\u015fledi\u011fimizi taraf\u0131n\u0131za bildiriyoruz.<\/p><p>b) Ki\u015fisel Verilerinizin Hangi Ama\u00e7la \u0130\u015flenece\u011fi ve Hukuki Sebebi<\/p><p>Ki\u015fisel verileriniz, SEVEL hizmetlerine y\u00f6nelik kampanya ve yenilikler hakk\u0131nda sizleri bilgilendirmek amac\u0131yla KVKK ve Elektronik Ticaret Kanunu\u2019nda belirtilen hukuki sebepler uyar\u0131nca a\u00e7\u0131k r\u0131zan\u0131z al\u0131narak i\u015flenecektir.<\/p><p>c) Ki\u015fisel Verilerinizin Aktar\u0131lmas\u0131<\/p><p>Ki\u015fisel verileriniz; yukar\u0131da belirtilen amac\u0131n ger\u00e7ekle\u015ftirilmesi do\u011frultusunda ve amac\u0131n gerektirdi\u011fi \u00f6l\u00e7\u00fcde; tedarik\u00e7ilerimizle a\u00e7\u0131k r\u0131zan\u0131za istinaden payla\u015f\u0131labilecektir.<\/p><p>d) Veri Sahibi Olarak Haklar\u0131n\u0131z<\/p><p>Ki\u015fisel veri sahibi olarak Kanun\u2019un 11. maddesi uyar\u0131nca a\u015fa\u011f\u0131daki haklara sahip oldu\u011funuzu bildiririz:<\/p><p>\u2022 Ki\u015fisel verilerinizin i\u015flenip i\u015flenmedi\u011fini \u00f6\u011frenme,<\/p><p>\u2022 Ki\u015fisel verileriniz i\u015flenmi\u015fse, buna ili\u015fkin bilgi talep etme,<\/p><p>\u2022 Ki\u015fisel verilerinizin i\u015flenme amac\u0131n\u0131 ve ki\u015fisel verilerinizin i\u015flenme amac\u0131na uygun kullan\u0131l\u0131p kullan\u0131lmad\u0131\u011f\u0131n\u0131 \u00f6\u011frenme,<\/p><p>\u2022 Yurt i\u00e7inde veya yurt d\u0131\u015f\u0131nda ki\u015fisel verilerinizin aktar\u0131ld\u0131\u011f\u0131 \u00fc\u00e7\u00fcnc\u00fc ki\u015fileri bilme,<\/p><p>\u2022 Ki\u015fisel verilerinizin eksik veya yanl\u0131\u015f i\u015flenmi\u015f olmas\u0131 halinde bunlar\u0131n d\u00fczeltilmesini talep etme,<\/p><p>\u2022 \u0130lgili mevzuatta \u00f6ng\u00f6r\u00fclen \u015fartlar \u00e7er\u00e7evesinde ki\u015fisel verilerinizin silinmesini veya yok edilmesini isteme,<\/p><p>\u2022 \u0130lgili mevzuat uyar\u0131nca yap\u0131lan d\u00fczeltme, silme ve yok edilme i\u015flemlerinin, ki\u015fisel verilerinizin payla\u015f\u0131ld\u0131\u011f\u0131 \u00fc\u00e7\u00fcnc\u00fc ki\u015filere bildirilmesini isteme,<\/p><p>\u2022 \u0130\u015flenen ki\u015fisel verilerinizin m\u00fcnhas\u0131ran otomatik sistemler vas\u0131tas\u0131yla analiz edilmesi suretiyle sizin aleyhinize bir sonucun ortaya \u00e7\u0131kmas\u0131na itiraz etme,<\/p><p>\u2022 Ki\u015fisel verilerinizin kanuna ayk\u0131r\u0131 olarak i\u015flenmesi sebebiyle zarara u\u011framan\u0131z halinde, zarar\u0131n giderilmesini talep etmek.<\/p><p>KVKK\u2019n\u0131n 11. maddesi kapsam\u0131ndaki bu haklar\u0131n\u0131z ile ilgili taleplerinizi \u0130lgili Ki\u015fi Ba\u015fvuru Formu\u2019nda belirtilen b\u00fct\u00fcn bilgileri doldurmak suretiyle KVKK\u2019n\u0131n 11. maddesi ile 13. maddesinin 1. f\u0131kras\u0131 ve Veri Sorumlusuna Ba\u015fvuru Usul ve Esaslar\u0131 Hakk\u0131nda Tebli\u011f gere\u011fince,<\/p><p>\u2022 \u00d6merli Mah. Had\u0131mk\u00f6y-\u0130stanbul Cd. No:147 34555 Arnavutk\u00f6y\/\u0130stanbul adresindeki \u015eirketimize bizzat gelerek,<\/p><p>\u2022 Kimli\u011finizi tespit edebilmek ve yanl\u0131\u015f ki\u015filere bilgi vermemek ad\u0131na yaz\u0131l\u0131 olarak noter arac\u0131l\u0131\u011f\u0131 ile veya iadeli taahh\u00fctl\u00fc mektup ile,<\/p><p>\u2022 G\u00fcvenli elektronik imza, mobil imza ya da (varsa) taraf\u0131n\u0131zca daha \u015eirketimize bildirilen ve sistemlerimizde kay\u0131tl\u0131 bulunan elektronik posta adresini kullanmak suretiyle info@sevel.com.tr adresine elektronik posta g\u00f6ndererek iletebilirsiniz.<\/p>\t\t\t\t\t\t\t\t<\/div>\n\t\t\t\t<\/div>\n\t\t\t\t\t<\/div>\n\t\t<\/div>\n\t\t\t\t\t<\/div>\n\t\t<\/section>\n\t\t\t\t<\/div>\n\t\t","protected":false},"excerpt":{"rendered":"<p>KAMPANYA VE TANITIM FAAL\u0130YETLER\u0130NE \u0130L\u0130\u015eK\u0130N AYDINLATMA METN\u0130 SEVEL A.\u015e olarak \u00f6zel hayat\u0131n gizlili\u011fine sayg\u0131 duyuyor ve \u00f6nem veriyoruz. Bu nedenle, sizleri 6698 say\u0131l\u0131 Ki\u015fisel Verilerin Korunmas\u0131 Kanunu (Bundan sonra \u201cKVKK\u201d olarak an\u0131lacakt\u0131r.) kapsam\u0131nda ki\u015fisel verilerinizin kullan\u0131m\u0131 ve korunmas\u0131 ile ilgili haklar\u0131n\u0131z konusunda bilgilendirmek istiyoruz. a) Ki\u015fisel Verilerinizin Toplanma Y\u00f6ntemi SEVEL olarak, sizin taraf\u0131n\u0131zdan web sitesi [&hellip;]<\/p>\n","protected":false},"author":1,"featured_media":0,"parent":0,"menu_order":0,"comment_status":"closed","ping_status":"closed","template":"","meta":{"footnotes":""},"class_list":["post-10081","page","type-page","status-publish","hentry"],"_links":{"self":[{"href":"https:\/\/sevel.com.tr\/en\/wp-json\/wp\/v2\/pages\/10081","targetHints":{"allow":["GET"]}}],"collection":[{"href":"https:\/\/sevel.com.tr\/en\/wp-json\/wp\/v2\/pages"}],"about":[{"href":"https:\/\/sevel.com.tr\/en\/wp-json\/wp\/v2\/types\/page"}],"author":[{"embeddable":true,"href":"https:\/\/sevel.com.tr\/en\/wp-json\/wp\/v2\/users\/1"}],"replies":[{"embeddable":true,"href":"https:\/\/sevel.com.tr\/en\/wp-json\/wp\/v2\/comments?post=10081"}],"version-history":[{"count":4,"href":"https:\/\/sevel.com.tr\/en\/wp-json\/wp\/v2\/pages\/10081\/revisions"}],"predecessor-version":[{"id":10085,"href":"https:\/\/sevel.com.tr\/en\/wp-json\/wp\/v2\/pages\/10081\/revisions\/10085"}],"wp:attachment":[{"href":"https:\/\/sevel.com.tr\/en\/wp-json\/wp\/v2\/media?parent=10081"}],"curies":[{"name":"wp","href":"https:\/\/api.w.org\/{rel}","templated":true}]}}